{"id":132,"date":"2020-08-25T11:17:53","date_gmt":"2020-08-25T09:17:53","guid":{"rendered":"https:\/\/ch-chalon71.fr\/hygiene\/?page_id=132"},"modified":"2021-12-21T15:30:22","modified_gmt":"2021-12-21T14:30:22","slug":"espace-securise","status":"publish","type":"page","link":"https:\/\/ch-chalon71.fr\/hygiene\/espace-securise\/","title":{"rendered":"Espace s\u00e9curis\u00e9"},"content":{"rendered":"Vous devez \u00eatre connect\u00e9 pour voir ce contenu.","protected":false},"excerpt":{"rendered":"Vous devez \u00eatre connect\u00e9 pour voir ce contenu.","protected":false},"author":1,"featured_media":0,"parent":0,"menu_order":999,"comment_status":"closed","ping_status":"closed","template":"page-securise.php","meta":{"_acf_changed":false,"footnotes":""},"class_list":["post-132","page","type-page","status-publish","hentry"],"acf":[],"_links":{"self":[{"href":"https:\/\/ch-chalon71.fr\/hygiene\/wp-json\/wp\/v2\/pages\/132","targetHints":{"allow":["GET"]}}],"collection":[{"href":"https:\/\/ch-chalon71.fr\/hygiene\/wp-json\/wp\/v2\/pages"}],"about":[{"href":"https:\/\/ch-chalon71.fr\/hygiene\/wp-json\/wp\/v2\/types\/page"}],"author":[{"embeddable":true,"href":"https:\/\/ch-chalon71.fr\/hygiene\/wp-json\/wp\/v2\/users\/1"}],"replies":[{"embeddable":true,"href":"https:\/\/ch-chalon71.fr\/hygiene\/wp-json\/wp\/v2\/comments?post=132"}],"version-history":[{"count":0,"href":"https:\/\/ch-chalon71.fr\/hygiene\/wp-json\/wp\/v2\/pages\/132\/revisions"}],"wp:attachment":[{"href":"https:\/\/ch-chalon71.fr\/hygiene\/wp-json\/wp\/v2\/media?parent=132"}],"curies":[{"name":"wp","href":"https:\/\/api.w.org\/{rel}","templated":true}]}}