{"id":84,"date":"2020-08-24T10:34:44","date_gmt":"2020-08-24T08:34:44","guid":{"rendered":"https:\/\/ch-chalon71.fr\/hygiene\/?page_id=84"},"modified":"2022-08-12T15:23:43","modified_gmt":"2022-08-12T13:23:43","slug":"missions","status":"publish","type":"page","link":"https:\/\/ch-chalon71.fr\/hygiene\/qui-sommes-nous\/missions\/","title":{"rendered":"Missions"},"content":{"rendered":"<p>Les missions des Equipes Op\u00e9rationnelles d\u2019Hygi\u00e8ne (EOH) dans le secteur sanitaire et les Equipes Mobiles d\u2019hygi\u00e8ne (EMH) qui interviennent dans le secteur m\u00e9dico-social s\u2019articulent autour de 4 axes principaux :<\/p>\n<ul>\n<li><em><u>La pr\u00e9vention\u00a0<\/u><\/em><\/li>\n<\/ul>\n<p>Ces \u00e9quipes participent \u00e0 l\u2019\u00e9laboration de la strat\u00e9gie de pr\u00e9vention ; elles d\u00e9clinent et adaptent des r\u00e9f\u00e9rentiels existants au contexte local (voire les \u00e9labore), les diffuse, et veille \u00e0 la mise en \u0153uvre des actions de pr\u00e9vention des infections associ\u00e9es aux soins en collaboration avec les diff\u00e9rents \u00e9tablissements et services cliniques et m\u00e9dicotechniques (l\u2019impl\u00e9mentation des mesures est une dimension fondamentale dans cette mission de pr\u00e9vention).<\/p>\n<p>Elles interviennent dans :<\/p>\n<ul>\n<li>Le domaine du soin\u00a0;<\/li>\n<li>Le domaine du risque infectieux li\u00e9 \u00e0 l\u2019environnement\u00a0;<\/li>\n<li>Le domaine de la protection du personnel vis-\u00e0-vis du risque infectieux\u00a0;<\/li>\n<li>Le domaine du plan local de gestion des \u00e9pid\u00e9mies (volet infectieux du plan blanc ou bleu).<\/li>\n<\/ul>\n<p>&nbsp;<\/p>\n<ul>\n<li><em><u>Formation <\/u><\/em><\/li>\n<\/ul>\n<p>L\u2019information, la sensibilisation et la formation des professionnels de sant\u00e9 et des professionnels m\u00e9dico-techniques \u00e0 la pr\u00e9vention et contr\u00f4le des infections (PCI) est une composante importante de l\u2019efficacit\u00e9 d\u2019une politique de pr\u00e9vention des infections et de l\u2019antibior\u00e9sistance.<\/p>\n<p>&nbsp;<\/p>\n<ul>\n<li><em><u>Surveillance des infections associ\u00e9es aux soins (IAS) et gestion des alertes \u00e9pid\u00e9mies <\/u><\/em><\/li>\n<\/ul>\n<p><em><u>\u00a0<\/u><\/em><\/p>\n<ul>\n<li><em><u>Evaluation des pratiques <\/u><\/em><\/li>\n<\/ul>\n<p><em><u>\u00a0<\/u><\/em><\/p>\n<p>L\u2019OMS recommande des \u00e9valuations r\u00e9guli\u00e8res avec r\u00e9tro-information en temps opportun sur les pratiques avec validation de leur conformit\u00e9 aux standards de la PCI. Ces \u00e9valuations peuvent s\u2019appuyer sur le suivi d\u2019indicateurs, sur des audits ou toute autre m\u00e9thode d\u2019\u00e9valuation des pratiques.<\/p>\n<p>&nbsp;<\/p>\n<p><em>Pour aller plus loin<\/em>\u00a0:<\/p>\n<p><a href=\"https:\/\/www.sf2h.net\/wp-content\/uploads\/2022\/02\/Re%CC%81ponse_Saisine_MSS_PCI_EOH_EMH_SF2H_Vdef_1-1.pdf\">https:\/\/www.sf2h.net\/wp-content\/uploads\/2022\/02\/Re%CC%81ponse_Saisine_MSS_PCI_EOH_EMH_SF2H_Vdef_1-1.pdf<\/a><\/p>\n<p>&nbsp;<\/p>\n","protected":false},"excerpt":{"rendered":"<p>Les missions des Equipes Op\u00e9rationnelles d\u2019Hygi\u00e8ne (EOH) dans le secteur sanitaire et les Equipes Mobiles d\u2019hygi\u00e8ne (EMH) qui interviennent dans le secteur m\u00e9dico-social s\u2019articulent autour de 4 axes principaux : La pr\u00e9vention\u00a0 Ces \u00e9quipes participent \u00e0 l\u2019\u00e9laboration de la strat\u00e9gie de pr\u00e9vention ; elles d\u00e9clinent et adaptent des r\u00e9f\u00e9rentiels existants au contexte local (voire les [&hellip;]<\/p>\n","protected":false},"author":1,"featured_media":0,"parent":82,"menu_order":0,"comment_status":"closed","ping_status":"closed","template":"","meta":{"_acf_changed":false,"footnotes":""},"class_list":["post-84","page","type-page","status-publish","hentry"],"acf":[],"_links":{"self":[{"href":"https:\/\/ch-chalon71.fr\/hygiene\/wp-json\/wp\/v2\/pages\/84","targetHints":{"allow":["GET"]}}],"collection":[{"href":"https:\/\/ch-chalon71.fr\/hygiene\/wp-json\/wp\/v2\/pages"}],"about":[{"href":"https:\/\/ch-chalon71.fr\/hygiene\/wp-json\/wp\/v2\/types\/page"}],"author":[{"embeddable":true,"href":"https:\/\/ch-chalon71.fr\/hygiene\/wp-json\/wp\/v2\/users\/1"}],"replies":[{"embeddable":true,"href":"https:\/\/ch-chalon71.fr\/hygiene\/wp-json\/wp\/v2\/comments?post=84"}],"version-history":[{"count":5,"href":"https:\/\/ch-chalon71.fr\/hygiene\/wp-json\/wp\/v2\/pages\/84\/revisions"}],"predecessor-version":[{"id":1091,"href":"https:\/\/ch-chalon71.fr\/hygiene\/wp-json\/wp\/v2\/pages\/84\/revisions\/1091"}],"up":[{"embeddable":true,"href":"https:\/\/ch-chalon71.fr\/hygiene\/wp-json\/wp\/v2\/pages\/82"}],"wp:attachment":[{"href":"https:\/\/ch-chalon71.fr\/hygiene\/wp-json\/wp\/v2\/media?parent=84"}],"curies":[{"name":"wp","href":"https:\/\/api.w.org\/{rel}","templated":true}]}}